{"id":259,"date":"2024-11-06T12:16:16","date_gmt":"2024-11-06T11:16:16","guid":{"rendered":"https:\/\/www.tromsoaccessibletours.com\/?page_id=259"},"modified":"2025-12-31T11:06:17","modified_gmt":"2025-12-31T10:06:17","slug":"accessibility","status":"publish","type":"page","link":"https:\/\/www.tromsoaccessibletours.com\/es\/accessibility\/","title":{"rendered":"Declaraci\u00f3n de Accesibilidad"},"content":{"rendered":"<p><span style=\"font-weight: 400;\">Troms\u00f8 Accessible Tours se ha comprometido a hacer accesible su sitio web de conformidad con las Pautas de Accesibilidad Web: WCAG 2.1 nivel AA.\nLa presente declaraci\u00f3n de accesibilidad se aplica a:<\/span> <span style=\"font-weight: 400;\">https:\/\/www.tromsoaccessibletours.com\/<\/span><\/p>\n<h2><b>Situaci\u00f3n de cumplimiento<\/b><\/h2>\n<p><span style=\"font-weight: 400;\">Este sitio web es plenamente conforme las Pautas de Accesibilidad Web: WCAG 2.1 en su nivel AA.<\/span><\/p>\n<p><span style=\"font-weight: 400;\">El proceso de reserva se realiza mediante un widget externo de Bilberry. Al tratarse de una herramienta integrada de terceros, su accesibilidad no depende directamente de Troms\u00f8 Accessible Tours; no obstante, se han aplicado mejoras para asegurar que este contenido sea lo m\u00e1s accesible posible.<\/span><\/p>\n<h2><b>Preparaci\u00f3n de la presente declaraci\u00f3n de accesibilidad<\/b><\/h2>\n<p><span style=\"font-weight: 400;\">La presente declaraci\u00f3n fue preparada el 30 de diciembre de 2025.<\/span><\/p>\n<h2><b>Observaciones y datos de contacto<\/b><\/h2>\n<p><span style=\"font-weight: 400;\">Puede realizar comunicaciones sobre requisitos de accesibilidad en el correo electr\u00f3nico: <\/span><b>info@tromsoaccessibletours.com<\/b><\/p>\n<p><span style=\"font-weight: 400;\">Si quiere presentar una solicitud de informaci\u00f3n accesible o queja, debe concretar, con toda claridad, los hechos, razones y petici\u00f3n que permitan constatar que se trata de una solicitud razonable y leg\u00edtima.<\/span><\/p>\n<h2><b>Contenido opcional<\/b><\/h2>\n<p><span style=\"font-weight: 400;\">La auditor\u00eda y presente declaraci\u00f3n de accesibilidad ha sido realizada por <\/span><b>Glocal Quality Solutions<\/b><span style=\"font-weight: 400;\">.<\/span><\/p>","protected":false},"excerpt":{"rendered":"<p>Troms\u00f8 Accessible Tours is committed to making its website accessible in accordance with the Web Content Accessibility Guidelines: WCAG 2.1 Level AA. This accessibility statement applies to: https:\/\/www.tromsoaccessibletours.com\/ Compliance Status This website is fully compliant with the Web Content Accessibility Guidelines: WCAG 2.1 Level AA. The booking process is managed through an external Bilberry widget. [&hellip;]<\/p>","protected":false},"author":1,"featured_media":0,"parent":0,"menu_order":0,"comment_status":"closed","ping_status":"closed","template":"","meta":{"_acf_changed":false,"footnotes":""},"class_list":["post-259","page","type-page","status-publish","hentry"],"acf":[],"yoast_head":"<!-- This site is optimized with the Yoast SEO Premium plugin v26.7 (Yoast SEO v26.7) - https:\/\/yoast.com\/wordpress\/plugins\/seo\/ -->\n<title>Accessibility Statement - Troms\u00f8 Accessible Tours<\/title>\n<meta name=\"robots\" content=\"index, follow, max-snippet:-1, max-image-preview:large, max-video-preview:-1\" \/>\n<link rel=\"canonical\" href=\"https:\/\/www.tromsoaccessibletours.com\/es\/accessibility\/\" \/>\n<meta property=\"og:locale\" content=\"es_ES\" \/>\n<meta property=\"og:type\" content=\"article\" \/>\n<meta property=\"og:title\" content=\"Accessibility Statement\" \/>\n<meta property=\"og:description\" content=\"Troms\u00f8 Accessible Tours is committed to making its website accessible in accordance with the Web Content Accessibility Guidelines: WCAG 2.1 Level AA. This accessibility statement applies to: https:\/\/www.tromsoaccessibletours.com\/ Compliance Status This website is fully compliant with the Web Content Accessibility Guidelines: WCAG 2.1 Level AA. The booking process is managed through an external Bilberry widget. [&hellip;]\" \/>\n<meta property=\"og:url\" content=\"https:\/\/www.tromsoaccessibletours.com\/es\/accessibility\/\" \/>\n<meta property=\"og:site_name\" content=\"Troms\u00f8 Accessible Tours\" \/>\n<meta property=\"article:modified_time\" content=\"2025-12-31T10:06:17+00:00\" \/>\n<meta name=\"twitter:card\" content=\"summary_large_image\" \/>\n<meta name=\"twitter:label1\" content=\"Tiempo de lectura\" \/>\n\t<meta name=\"twitter:data1\" content=\"1 minuto\" \/>\n<script type=\"application\/ld+json\" class=\"yoast-schema-graph\">{\"@context\":\"https:\/\/schema.org\",\"@graph\":[{\"@type\":\"WebPage\",\"@id\":\"https:\/\/www.tromsoaccessibletours.com\/accessibility\/\",\"url\":\"https:\/\/www.tromsoaccessibletours.com\/accessibility\/\",\"name\":\"Accessibility Statement - Troms\u00f8 Accessible Tours\",\"isPartOf\":{\"@id\":\"https:\/\/www.tromsoaccessibletours.com\/en\/#website\"},\"datePublished\":\"2024-11-06T11:16:16+00:00\",\"dateModified\":\"2025-12-31T10:06:17+00:00\",\"breadcrumb\":{\"@id\":\"https:\/\/www.tromsoaccessibletours.com\/accessibility\/#breadcrumb\"},\"inLanguage\":\"es-AR\",\"potentialAction\":[{\"@type\":\"ReadAction\",\"target\":[\"https:\/\/www.tromsoaccessibletours.com\/accessibility\/\"]}]},{\"@type\":\"BreadcrumbList\",\"@id\":\"https:\/\/www.tromsoaccessibletours.com\/accessibility\/#breadcrumb\",\"itemListElement\":[{\"@type\":\"ListItem\",\"position\":1,\"name\":\"Home\",\"item\":\"https:\/\/www.tromsoaccessibletours.com\/en\/\"},{\"@type\":\"ListItem\",\"position\":2,\"name\":\"Accessibility Statement\"}]},{\"@type\":\"WebSite\",\"@id\":\"https:\/\/www.tromsoaccessibletours.com\/en\/#website\",\"url\":\"https:\/\/www.tromsoaccessibletours.com\/en\/\",\"name\":\"Troms\u00f8 Accessible Tours\",\"description\":\"The arctic adventure everyone deserves\",\"potentialAction\":[{\"@type\":\"SearchAction\",\"target\":{\"@type\":\"EntryPoint\",\"urlTemplate\":\"https:\/\/www.tromsoaccessibletours.com\/en\/?s={search_term_string}\"},\"query-input\":{\"@type\":\"PropertyValueSpecification\",\"valueRequired\":true,\"valueName\":\"search_term_string\"}}],\"inLanguage\":\"es-AR\"}]}<\/script>\n<!-- \/ Yoast SEO Premium plugin. -->","yoast_head_json":{"title":"Accessibility Statement - Troms\u00f8 Accessible Tours","robots":{"index":"index","follow":"follow","max-snippet":"max-snippet:-1","max-image-preview":"max-image-preview:large","max-video-preview":"max-video-preview:-1"},"canonical":"https:\/\/www.tromsoaccessibletours.com\/es\/accessibility\/","og_locale":"es_ES","og_type":"article","og_title":"Accessibility Statement","og_description":"Troms\u00f8 Accessible Tours is committed to making its website accessible in accordance with the Web Content Accessibility Guidelines: WCAG 2.1 Level AA. This accessibility statement applies to: https:\/\/www.tromsoaccessibletours.com\/ Compliance Status This website is fully compliant with the Web Content Accessibility Guidelines: WCAG 2.1 Level AA. The booking process is managed through an external Bilberry widget. [&hellip;]","og_url":"https:\/\/www.tromsoaccessibletours.com\/es\/accessibility\/","og_site_name":"Troms\u00f8 Accessible Tours","article_modified_time":"2025-12-31T10:06:17+00:00","twitter_card":"summary_large_image","twitter_misc":{"Tiempo de lectura":"1 minuto"},"schema":{"@context":"https:\/\/schema.org","@graph":[{"@type":"WebPage","@id":"https:\/\/www.tromsoaccessibletours.com\/accessibility\/","url":"https:\/\/www.tromsoaccessibletours.com\/accessibility\/","name":"Accessibility Statement - Troms\u00f8 Accessible Tours","isPartOf":{"@id":"https:\/\/www.tromsoaccessibletours.com\/en\/#website"},"datePublished":"2024-11-06T11:16:16+00:00","dateModified":"2025-12-31T10:06:17+00:00","breadcrumb":{"@id":"https:\/\/www.tromsoaccessibletours.com\/accessibility\/#breadcrumb"},"inLanguage":"es-AR","potentialAction":[{"@type":"ReadAction","target":["https:\/\/www.tromsoaccessibletours.com\/accessibility\/"]}]},{"@type":"BreadcrumbList","@id":"https:\/\/www.tromsoaccessibletours.com\/accessibility\/#breadcrumb","itemListElement":[{"@type":"ListItem","position":1,"name":"Home","item":"https:\/\/www.tromsoaccessibletours.com\/en\/"},{"@type":"ListItem","position":2,"name":"Accessibility Statement"}]},{"@type":"WebSite","@id":"https:\/\/www.tromsoaccessibletours.com\/en\/#website","url":"https:\/\/www.tromsoaccessibletours.com\/en\/","name":"Troms\u00f8 Accessible Tours","description":"The arctic adventure everyone deserves","potentialAction":[{"@type":"SearchAction","target":{"@type":"EntryPoint","urlTemplate":"https:\/\/www.tromsoaccessibletours.com\/en\/?s={search_term_string}"},"query-input":{"@type":"PropertyValueSpecification","valueRequired":true,"valueName":"search_term_string"}}],"inLanguage":"es-AR"}]}},"_links":{"self":[{"href":"https:\/\/www.tromsoaccessibletours.com\/es\/wp-json\/wp\/v2\/pages\/259","targetHints":{"allow":["GET"]}}],"collection":[{"href":"https:\/\/www.tromsoaccessibletours.com\/es\/wp-json\/wp\/v2\/pages"}],"about":[{"href":"https:\/\/www.tromsoaccessibletours.com\/es\/wp-json\/wp\/v2\/types\/page"}],"author":[{"embeddable":true,"href":"https:\/\/www.tromsoaccessibletours.com\/es\/wp-json\/wp\/v2\/users\/1"}],"replies":[{"embeddable":true,"href":"https:\/\/www.tromsoaccessibletours.com\/es\/wp-json\/wp\/v2\/comments?post=259"}],"version-history":[{"count":2,"href":"https:\/\/www.tromsoaccessibletours.com\/es\/wp-json\/wp\/v2\/pages\/259\/revisions"}],"predecessor-version":[{"id":1407,"href":"https:\/\/www.tromsoaccessibletours.com\/es\/wp-json\/wp\/v2\/pages\/259\/revisions\/1407"}],"wp:attachment":[{"href":"https:\/\/www.tromsoaccessibletours.com\/es\/wp-json\/wp\/v2\/media?parent=259"}],"curies":[{"name":"wp","href":"https:\/\/api.w.org\/{rel}","templated":true}]}}