{"id":259,"date":"2024-11-06T12:16:16","date_gmt":"2024-11-06T11:16:16","guid":{"rendered":"https:\/\/www.tromsoaccessibletours.com\/?page_id=259"},"modified":"2025-12-31T11:06:17","modified_gmt":"2025-12-31T10:06:17","slug":"accessibility","status":"publish","type":"page","link":"https:\/\/www.tromsoaccessibletours.com\/nb\/accessibility\/","title":{"rendered":"Tilgjengelighetserkl\u00e6ring"},"content":{"rendered":"<p><span style=\"font-weight: 400;\">Troms\u00f8 Accessible Tours har forpliktet seg til \u00e5 gj\u00f8re sitt nettsted tilgjengelig i samsvar med retningslinjene for universell utforming av nettinnhold (WCAG) 2.1 niv\u00e5 AA. Denne tilgjengelighetserkl\u00e6ringen gjelder for:<\/span> <span style=\"font-weight: 400;\">https:\/\/www.tromsoaccessibletours.com\/<\/span><\/p>\n<h2><b>Samsvarsstatus<\/b><\/h2>\n<p><span style=\"font-weight: 400;\">Dette nettstedet er fullt ut i samsvar med retningslinjene for universell utforming av nettinnhold (WCAG) 2.1 niv\u00e5 AA.<\/span><\/p>\n<p><span style=\"font-weight: 400;\">Bestillingsprosessen h\u00e5ndteres gjennom en ekstern Bilberry-widget. Som et integrert tredjepartsverkt\u00f8y er tilgjengeligheten ikke direkte avhengig av Troms\u00f8 Accessible Tours; det er imidlertid gjort forbedringer for \u00e5 sikre at dette innholdet er s\u00e5 tilgjengelig som mulig.<\/span><\/p>\n<h2><b>Utarbeidelse av denne tilgjengelighetserkl\u00e6ringen<\/b><\/h2>\n<p><span style=\"font-weight: 400;\">Denne erkl\u00e6ringen ble utarbeidet 30. desember 2025. Metoden som ble brukt for \u00e5 utarbeide denne erkl\u00e6ringen var en intern, manuell revisjon.<\/span><\/p>\n<h2><b>Tilbakemeldinger og kontaktinformasjon<\/b><\/h2>\n<p><span style=\"font-weight: 400;\">Henvendelser om krav til tilgjengelighet kan sendes til f\u00f8lgende e-postadresse: <\/span><b>info@tromsoaccessibletours.com<\/b><\/p>\n<p><span style=\"font-weight: 400;\">Dersom du \u00f8nsker \u00e5 sende inn en foresp\u00f8rsel om tilgjengelig informasjon eller en klage, ber vi deg tydelig angi fakta, begrunnelse og selve foresp\u00f8rselen, slik at det kan verifiseres at det er en rimelig og legitim henvendelse.<\/span><\/p>\n<h2><b>Valgfritt innhold<\/b><\/h2>\n<p><span style=\"font-weight: 400;\">Revisjonen og denne tilgjengelighetserkl\u00e6ringen ble utf\u00f8rt av <\/span><b>Glocal Quality Solutions<\/b><span style=\"font-weight: 400;\">.<\/span><\/p>","protected":false},"excerpt":{"rendered":"<p>Troms\u00f8 Accessible Tours is committed to making its website accessible in accordance with the Web Content Accessibility Guidelines: WCAG 2.1 Level AA. This accessibility statement applies to: https:\/\/www.tromsoaccessibletours.com\/ Compliance Status This website is fully compliant with the Web Content Accessibility Guidelines: WCAG 2.1 Level AA. The booking process is managed through an external Bilberry widget. [&hellip;]<\/p>","protected":false},"author":1,"featured_media":0,"parent":0,"menu_order":0,"comment_status":"closed","ping_status":"closed","template":"","meta":{"_acf_changed":false,"footnotes":""},"class_list":["post-259","page","type-page","status-publish","hentry"],"acf":[],"yoast_head":"<!-- This site is optimized with the Yoast SEO Premium plugin v26.7 (Yoast SEO v26.7) - https:\/\/yoast.com\/wordpress\/plugins\/seo\/ -->\n<title>Accessibility Statement - Troms\u00f8 Accessible Tours<\/title>\n<meta name=\"robots\" content=\"index, follow, max-snippet:-1, max-image-preview:large, max-video-preview:-1\" \/>\n<link rel=\"canonical\" href=\"https:\/\/www.tromsoaccessibletours.com\/nb\/accessibility\/\" \/>\n<meta property=\"og:locale\" content=\"nb_NO\" \/>\n<meta property=\"og:type\" content=\"article\" \/>\n<meta property=\"og:title\" content=\"Accessibility Statement\" \/>\n<meta property=\"og:description\" content=\"Troms\u00f8 Accessible Tours is committed to making its website accessible in accordance with the Web Content Accessibility Guidelines: WCAG 2.1 Level AA. This accessibility statement applies to: https:\/\/www.tromsoaccessibletours.com\/ Compliance Status This website is fully compliant with the Web Content Accessibility Guidelines: WCAG 2.1 Level AA. The booking process is managed through an external Bilberry widget. [&hellip;]\" \/>\n<meta property=\"og:url\" content=\"https:\/\/www.tromsoaccessibletours.com\/nb\/accessibility\/\" \/>\n<meta property=\"og:site_name\" content=\"Troms\u00f8 Accessible Tours\" \/>\n<meta property=\"article:modified_time\" content=\"2025-12-31T10:06:17+00:00\" \/>\n<meta name=\"twitter:card\" content=\"summary_large_image\" \/>\n<meta name=\"twitter:label1\" content=\"Ansl. lesetid\" \/>\n\t<meta name=\"twitter:data1\" content=\"1 minutt\" \/>\n<script type=\"application\/ld+json\" class=\"yoast-schema-graph\">{\"@context\":\"https:\/\/schema.org\",\"@graph\":[{\"@type\":\"WebPage\",\"@id\":\"https:\/\/www.tromsoaccessibletours.com\/accessibility\/\",\"url\":\"https:\/\/www.tromsoaccessibletours.com\/accessibility\/\",\"name\":\"Accessibility Statement - Troms\u00f8 Accessible Tours\",\"isPartOf\":{\"@id\":\"https:\/\/www.tromsoaccessibletours.com\/en\/#website\"},\"datePublished\":\"2024-11-06T11:16:16+00:00\",\"dateModified\":\"2025-12-31T10:06:17+00:00\",\"breadcrumb\":{\"@id\":\"https:\/\/www.tromsoaccessibletours.com\/accessibility\/#breadcrumb\"},\"inLanguage\":\"nb-NO\",\"potentialAction\":[{\"@type\":\"ReadAction\",\"target\":[\"https:\/\/www.tromsoaccessibletours.com\/accessibility\/\"]}]},{\"@type\":\"BreadcrumbList\",\"@id\":\"https:\/\/www.tromsoaccessibletours.com\/accessibility\/#breadcrumb\",\"itemListElement\":[{\"@type\":\"ListItem\",\"position\":1,\"name\":\"Home\",\"item\":\"https:\/\/www.tromsoaccessibletours.com\/en\/\"},{\"@type\":\"ListItem\",\"position\":2,\"name\":\"Accessibility Statement\"}]},{\"@type\":\"WebSite\",\"@id\":\"https:\/\/www.tromsoaccessibletours.com\/en\/#website\",\"url\":\"https:\/\/www.tromsoaccessibletours.com\/en\/\",\"name\":\"Troms\u00f8 Accessible Tours\",\"description\":\"The arctic adventure everyone deserves\",\"potentialAction\":[{\"@type\":\"SearchAction\",\"target\":{\"@type\":\"EntryPoint\",\"urlTemplate\":\"https:\/\/www.tromsoaccessibletours.com\/en\/?s={search_term_string}\"},\"query-input\":{\"@type\":\"PropertyValueSpecification\",\"valueRequired\":true,\"valueName\":\"search_term_string\"}}],\"inLanguage\":\"nb-NO\"}]}<\/script>\n<!-- \/ Yoast SEO Premium plugin. -->","yoast_head_json":{"title":"Accessibility Statement - Troms\u00f8 Accessible Tours","robots":{"index":"index","follow":"follow","max-snippet":"max-snippet:-1","max-image-preview":"max-image-preview:large","max-video-preview":"max-video-preview:-1"},"canonical":"https:\/\/www.tromsoaccessibletours.com\/nb\/accessibility\/","og_locale":"nb_NO","og_type":"article","og_title":"Accessibility Statement","og_description":"Troms\u00f8 Accessible Tours is committed to making its website accessible in accordance with the Web Content Accessibility Guidelines: WCAG 2.1 Level AA. This accessibility statement applies to: https:\/\/www.tromsoaccessibletours.com\/ Compliance Status This website is fully compliant with the Web Content Accessibility Guidelines: WCAG 2.1 Level AA. The booking process is managed through an external Bilberry widget. [&hellip;]","og_url":"https:\/\/www.tromsoaccessibletours.com\/nb\/accessibility\/","og_site_name":"Troms\u00f8 Accessible Tours","article_modified_time":"2025-12-31T10:06:17+00:00","twitter_card":"summary_large_image","twitter_misc":{"Ansl. lesetid":"1 minutt"},"schema":{"@context":"https:\/\/schema.org","@graph":[{"@type":"WebPage","@id":"https:\/\/www.tromsoaccessibletours.com\/accessibility\/","url":"https:\/\/www.tromsoaccessibletours.com\/accessibility\/","name":"Accessibility Statement - Troms\u00f8 Accessible Tours","isPartOf":{"@id":"https:\/\/www.tromsoaccessibletours.com\/en\/#website"},"datePublished":"2024-11-06T11:16:16+00:00","dateModified":"2025-12-31T10:06:17+00:00","breadcrumb":{"@id":"https:\/\/www.tromsoaccessibletours.com\/accessibility\/#breadcrumb"},"inLanguage":"nb-NO","potentialAction":[{"@type":"ReadAction","target":["https:\/\/www.tromsoaccessibletours.com\/accessibility\/"]}]},{"@type":"BreadcrumbList","@id":"https:\/\/www.tromsoaccessibletours.com\/accessibility\/#breadcrumb","itemListElement":[{"@type":"ListItem","position":1,"name":"Home","item":"https:\/\/www.tromsoaccessibletours.com\/en\/"},{"@type":"ListItem","position":2,"name":"Accessibility Statement"}]},{"@type":"WebSite","@id":"https:\/\/www.tromsoaccessibletours.com\/en\/#website","url":"https:\/\/www.tromsoaccessibletours.com\/en\/","name":"Troms\u00f8 Accessible Tours","description":"The arctic adventure everyone deserves","potentialAction":[{"@type":"SearchAction","target":{"@type":"EntryPoint","urlTemplate":"https:\/\/www.tromsoaccessibletours.com\/en\/?s={search_term_string}"},"query-input":{"@type":"PropertyValueSpecification","valueRequired":true,"valueName":"search_term_string"}}],"inLanguage":"nb-NO"}]}},"_links":{"self":[{"href":"https:\/\/www.tromsoaccessibletours.com\/nb\/wp-json\/wp\/v2\/pages\/259","targetHints":{"allow":["GET"]}}],"collection":[{"href":"https:\/\/www.tromsoaccessibletours.com\/nb\/wp-json\/wp\/v2\/pages"}],"about":[{"href":"https:\/\/www.tromsoaccessibletours.com\/nb\/wp-json\/wp\/v2\/types\/page"}],"author":[{"embeddable":true,"href":"https:\/\/www.tromsoaccessibletours.com\/nb\/wp-json\/wp\/v2\/users\/1"}],"replies":[{"embeddable":true,"href":"https:\/\/www.tromsoaccessibletours.com\/nb\/wp-json\/wp\/v2\/comments?post=259"}],"version-history":[{"count":2,"href":"https:\/\/www.tromsoaccessibletours.com\/nb\/wp-json\/wp\/v2\/pages\/259\/revisions"}],"predecessor-version":[{"id":1407,"href":"https:\/\/www.tromsoaccessibletours.com\/nb\/wp-json\/wp\/v2\/pages\/259\/revisions\/1407"}],"wp:attachment":[{"href":"https:\/\/www.tromsoaccessibletours.com\/nb\/wp-json\/wp\/v2\/media?parent=259"}],"curies":[{"name":"wp","href":"https:\/\/api.w.org\/{rel}","templated":true}]}}